{"id":116,"date":"2019-04-10T10:27:55","date_gmt":"2019-04-10T10:27:55","guid":{"rendered":"http:\/\/luzuk.com\/demo\/computer-repair\/?page_id=116"},"modified":"2021-11-18T16:01:14","modified_gmt":"2021-11-18T15:01:14","slug":"blog","status":"publish","type":"page","link":"https:\/\/plustech.al\/?page_id=116","title":{"rendered":"Blog IT"},"content":{"rendered":"\n<p>P\u00ebrdit\u00ebsimi m\u00eb i fundit i Windows 10-\u00ebs ka sjell\u00eb me vet\u00eb disa drivera t\u00eb vjet\u00ebr dhe t\u00eb pap\u00ebrdorsh\u00ebm t\u00eb cil\u00ebt mund t\u00eb&#8230;<\/p>\n","protected":false},"excerpt":{"rendered":"<p>P\u00ebrdit\u00ebsimi m\u00eb i fundit i Windows 10-\u00ebs ka sjell\u00eb me vet\u00eb disa drivera t\u00eb vjet\u00ebr dhe t\u00eb pap\u00ebrdorsh\u00ebm t\u00eb cil\u00ebt mund t\u00eb&#8230;<\/p>\n","protected":false},"author":3,"featured_media":0,"parent":0,"menu_order":0,"comment_status":"closed","ping_status":"closed","template":"templates\/blog-template.php","meta":{"footnotes":""},"class_list":["post-116","page","type-page","status-publish","hentry"],"_links":{"self":[{"href":"https:\/\/plustech.al\/index.php?rest_route=\/wp\/v2\/pages\/116","targetHints":{"allow":["GET"]}}],"collection":[{"href":"https:\/\/plustech.al\/index.php?rest_route=\/wp\/v2\/pages"}],"about":[{"href":"https:\/\/plustech.al\/index.php?rest_route=\/wp\/v2\/types\/page"}],"author":[{"embeddable":true,"href":"https:\/\/plustech.al\/index.php?rest_route=\/wp\/v2\/users\/3"}],"replies":[{"embeddable":true,"href":"https:\/\/plustech.al\/index.php?rest_route=%2Fwp%2Fv2%2Fcomments&post=116"}],"version-history":[{"count":0,"href":"https:\/\/plustech.al\/index.php?rest_route=\/wp\/v2\/pages\/116\/revisions"}],"wp:attachment":[{"href":"https:\/\/plustech.al\/index.php?rest_route=%2Fwp%2Fv2%2Fmedia&parent=116"}],"curies":[{"name":"wp","href":"https:\/\/api.w.org\/{rel}","templated":true}]}}