{"id":147,"date":"2019-04-10T10:46:11","date_gmt":"2019-04-10T10:46:11","guid":{"rendered":"http:\/\/luzuk.com\/demo\/computer-repair\/?page_id=147"},"modified":"2020-08-05T12:14:22","modified_gmt":"2020-08-05T12:14:22","slug":"faqs","status":"publish","type":"page","link":"https:\/\/plustech.al\/?page_id=147","title":{"rendered":"Pyetje t\u00eb shpeshta"},"content":{"rendered":"\n<div class=\"faq\">            <div class=\"row\">\n                    <div class=\"col-md-12 faq-content padding0 wow fadeInLeft\">\n                    <h6 class=\"faq-title\">Kujt i sh\u00ebrbejm\u00eb<\/h6>\n                    <div class=\"faq-description\">\n                        <p>Ne u sh\u00ebrbejm\u00eb organizatave dhe bizneseve t\u00eb t\u00eb gjitha formave dhe madh\u00ebsive.                        <\/p>\n                    <\/div> \n                <\/div>\n            <\/div>\n                        <div class=\"row\">\n                    <div class=\"col-md-12 faq-content padding0 wow fadeInLeft\">\n                    <h6 class=\"faq-title\">Si mund t\u00eb fshij cookies n\u00eb internet?<\/h6>\n                    <div class=\"faq-description\">\n                        <p><span>P\u00ebrdoruesit e Microsoft Internet Explorer mund t\u00eb shkojn\u00eb te 'Tools' (ose ikona e vog\u00ebl e dh\u00ebmbit n\u00eb t\u00eb majt\u00eb lart), pastaj t\u00eb shkojn\u00eb te 'Siguria' dhe t\u00eb zgjedhin 'Fshi historikun e shfletimit ...', m\u00eb pas mund t\u00eb zgjedh\u00ebsh t\u00eb fshish cookies t\u00eb Internetit.\u00a0<\/span><span>N\u00eb Google Chrome, shkoni te \"M\u00eb shum\u00eb vegla\" dhe zgjidhni \"Pastro t\u00eb dh\u00ebnat e shfletimit ...\".\u00a0<\/span><span>P\u00ebrdoruesit e Firefox mund t\u00eb shkojn\u00eb te 'Historia', m\u00eb pas t\u00eb zgjedhin 'Pastro historin\u00eb e fundit ...'.<\/span>                        <\/p>\n                    <\/div> \n                <\/div>\n            <\/div>\n                        <div class=\"row\">\n                    <div class=\"col-md-12 faq-content padding0 wow fadeInLeft\">\n                    <h6 class=\"faq-title\">A mund t\u00eb d\u00ebmtoj\u00eb nj\u00eb virus pajisjen kompjuterike?<\/h6>\n                    <div class=\"faq-description\">\n                        <p><span>Jo. Viruset kompjuterik\u00eb jan\u00eb kod softuer i krijuar p\u00ebr t\u2019u p\u00ebrhapur n\u00eb skedar\u00eb kompjuterash dhe kompjutera t\u00eb tjer\u00eb, p\u00ebr t\u00eb fshir\u00eb skedar\u00eb dhe p\u00ebr t\u00eb shkaktuar probleme t\u00eb tjera me t\u00eb dh\u00ebnat n\u00eb kompjuter.\u00a0<\/span><span>Pra, n\u00ebse po p\u00ebrjetoni nj\u00eb problem me nj\u00eb pajisje hardware si\u00e7 \u00ebsht\u00eb printeri juaj, karta video, karta e z\u00ebrit, etj. Nuk \u00ebsht\u00eb p\u00ebr shkak t\u00eb nj\u00eb virusi.<\/span>                        <\/p>\n                    <\/div> \n                <\/div>\n            <\/div>\n                        <div class=\"row\">\n                    <div class=\"col-md-12 faq-content padding0 wow fadeInLeft\">\n                    <h6 class=\"faq-title\">A vijn\u00eb Windows me nj\u00eb program p\u00ebr mbrojtjen e virusit?<\/h6>\n                    <div class=\"faq-description\">\n                        <p><span>T\u00eb gjitha versionet e Microsoft Windows nuk vijn\u00eb t\u00eb instaluara paraprakisht me nj\u00eb program p\u00ebr mbrojtjen e virusit.\u00a0<\/span><span>Kjo p\u00ebrfshin: Microsoft Windows 7 dhe Windows 10.<\/span>                        <\/p>\n                    <\/div> \n                <\/div>\n            <\/div>\n                        <div class=\"row\">\n                    <div class=\"col-md-12 faq-content padding0 wow fadeInLeft\">\n                    <h6 class=\"faq-title\">\u00c7far\u00eb \u00ebsht\u00eb nj\u00eb virus kompjuterik?<\/h6>\n                    <div class=\"faq-description\">\n                        <p>Nj\u00eb virus kompjuterik \u00ebsht\u00eb nj\u00eb program softuer q\u00eb \u00ebsht\u00eb krijuar q\u00ebllimisht p\u00ebr t\u00eb shkaktuar nj\u00eb pik\u00ebllim t\u00eb p\u00ebrdoruesit, p\u00ebrhapjen n\u00eb kompjuter\u00eb t\u00eb tjer\u00eb, ose shkat\u00ebrrimin e t\u00eb dh\u00ebnave n\u00eb kompjuterin e nj\u00eb individi.\u00a0P\u00ebr t\u00eb ndihmuar n\u00eb parandalimin e infektimit t\u00eb nj\u00eb kompjuteri nga nj\u00eb virus, zhvilluesit e softuerit kan\u00eb zhvilluar programe anti virus q\u00eb q\u00ebndrojn\u00eb aktive n\u00eb kompjuter duke ndihmuar n\u00eb mbrojtjen e tij.\u00a0Importantsht\u00eb e r\u00ebnd\u00ebsishme t\u00eb kuptohet se shum\u00eb kompjuter\u00eb nuk vijn\u00eb t\u00eb ngarkuar paraprakisht me k\u00ebta t\u00eb instaluar tashm\u00eb dhe se n\u00ebse kompjuterat vijn\u00eb me k\u00ebto programe, programet mund t\u00eb skadojn\u00eb brenda 90 dit\u00ebsh.                        <\/p>\n                    <\/div> \n                <\/div>\n            <\/div>\n                        <div class=\"row\">\n                    <div class=\"col-md-12 faq-content padding0 wow fadeInLeft\">\n                    <h6 class=\"faq-title\">Kam humbur diskun tim t\u00eb instalimit t\u00eb printerit, si mund ta instaloj printerin tim?<\/h6>\n                    <div class=\"faq-description\">\n                        <p><span>Fatmir\u00ebsisht, nj\u00eb disk i instalimit t\u00eb printerit q\u00eb mungon nuk \u00ebsht\u00eb fundi i bot\u00ebs dhe nuk do t'ju k\u00ebrkoj\u00eb t\u00eb prisni derisa t'ju d\u00ebrgohet nj\u00eb disk i ri.\u00a0<\/span><span>Sot t\u00eb gjith\u00eb printer\u00ebt dhe prodhuesit e tjer\u00eb t\u00eb pajisjeve jan\u00eb duke siguruar shkarkime n\u00eb Internet n\u00eb programet e tyre t\u00eb softuerit dhe drejtuesit q\u00eb jan\u00eb p\u00ebrfshir\u00eb me produktet e tyre.<\/span>                        <\/p>\n                    <\/div> \n                <\/div>\n            <\/div>\n                        <div class=\"row\">\n                    <div class=\"col-md-12 faq-content padding0 wow fadeInLeft\">\n                    <h6 class=\"faq-title\">Nuk jam n\u00eb gjendje t\u00eb d\u00ebrgoj ose marr email?<\/h6>\n                    <div class=\"faq-description\">\n                        <p>Verifikoni q\u00eb kompjuteri juaj \u00ebsht\u00eb n\u00eb gjendje t\u00eb shoh\u00eb internetin dhe \/ ose kompjuter\u00eb t\u00eb tjer\u00eb p\u00ebr t\u00eb siguruar q\u00eb kompjuteri juaj nuk po has ndonj\u00eb \u00e7\u00ebshtje lidhjeje, e cila do t\u00eb shkaktonte problemin tuaj t\u00eb post\u00ebs elektronike.\u00a0Sigurohuni q\u00eb serveri juaj i post\u00ebs elektronike n\u00eb Internet ose serveri juaj i post\u00ebs elektronike t\u00eb Rrjetit nuk po has n\u00eb probleme duke kontaktuar me Ofruesin e Sh\u00ebrbimit t\u00eb Internetit ose administratorin tuaj t\u00eb Rrjetit.                        <\/p>\n                    <\/div> \n                <\/div>\n            <\/div>\n                        <div class=\"row\">\n                    <div class=\"col-md-12 faq-content padding0 wow fadeInLeft\">\n                    <h6 class=\"faq-title\">A \u00ebsht\u00eb e sigurt t\u00eb fikni nj\u00eb kompjuter Windows pa b\u00ebr\u00eb nj\u00eb mbyllje?<\/h6>\n                    <div class=\"faq-description\">\n                        <p><span>P\u00ebrdoruesit nuk duhet t\u00eb shtypin thjesht butonin e rrym\u00ebs ose t\u00eb rindizin kompjuterin nd\u00ebrsa Windows \u00ebsht\u00eb akoma n\u00eb pun\u00eb n\u00ebse nuk ka ndonj\u00eb problem me kompjuterin.\u00a0<\/span><span>Microsoft ka p\u00ebrfshir\u00eb ve\u00e7orin\u00eb e mbylljes sepse ajo i mund\u00ebson nj\u00eb kompjuteri t\u00eb kaloj\u00eb n\u00ebp\u00ebr t\u00eb gjitha hapat e nevojsh\u00ebm q\u00eb k\u00ebrkohen para se t\u00eb fiket kompjuterin.\u00a0<\/span><span>N\u00eb fakt, shum\u00eb versione t\u00eb Microsoft Windows do t\u00eb kontrollojn\u00eb kompjuterin p\u00ebr ndonj\u00eb problem n\u00ebse kompjuteri nuk mbyllet si\u00e7 duhet.<\/span>                        <\/p>\n                    <\/div> \n                <\/div>\n            <\/div>\n                        <div class=\"row\">\n                    <div class=\"col-md-12 faq-content padding0 wow fadeInLeft\">\n                    <h6 class=\"faq-title\">Si mund ta azhurnoj kompjuterin tim Microsoft Windows?<\/h6>\n                    <div class=\"faq-description\">\n                        <p><span>N\u00ebse po p\u00ebrdorni Microsoft Windows 7, Windows 10 ose nj\u00eb version m\u00eb t\u00eb von\u00eb t\u00eb Microsoft Windows, ju keni t\u00eb drejt\u00eb t\u00eb azhurnoni Microsoft Windows dhe n\u00eb disa raste, pajisjen e kompjuterit tuaj me drejtuesit m\u00eb t\u00eb fundit p\u00ebrmes faqes s\u00eb azhurnimit t\u00eb Microsoft, vizitoni http: \/\/ windowsupdate .microsoft.com.\u00a0<\/span><span>N\u00eb shumic\u00ebn e rasteve kompjuteri juaj duhet t\u00eb vendoset q\u00eb t\u00eb azhurnohet automatikisht kur nj\u00eb azhurnim i ri b\u00ebhet i disponuesh\u00ebm.<\/span>                        <\/p>\n                    <\/div> \n                <\/div>\n            <\/div>\n                        <div class=\"row\">\n                    <div class=\"col-md-12 faq-content padding0 wow fadeInLeft\">\n                    <h6 class=\"faq-title\">Si mund t\u00eb futem n\u00eb modalitetin e sigurt t\u00eb kompjuter\u00ebve t\u00eb mi?<\/h6>\n                    <div class=\"faq-description\">\n                        <p><span>P\u00ebr t\u00eb hyr\u00eb n\u00eb modalitetin e sigurt t\u00eb Windows 7\/10, nd\u00ebrsa kompjuteri po fillon shtypni dhe mbani t\u00eb shtypur \"F8 Key\", i cili duhet t\u00eb sjell\u00eb \"Menun\u00eb e Opsioneve t\u00eb Avancuara t\u00eb Windows\".\u00a0<\/span><span>P\u00ebrdorni tastet e shigjet\u00ebs p\u00ebr t\u00eb l\u00ebvizur te \"Modaliteti i Sigurt\" dhe shtypni tastin tuaj Enter.<\/span>                        <\/p>\n                    <\/div> \n                <\/div>\n            <\/div>\n                        <div class=\"row\">\n                    <div class=\"col-md-12 faq-content padding0 wow fadeInLeft\">\n                    <h6 class=\"faq-title\">Ka kufij t\u00eb zi n\u00eb ekranin e monitor\u00ebve t\u00eb mi, \u00e7far\u00eb t\u00eb b\u00ebj?<\/h6>\n                    <div class=\"faq-description\">\n                        <p><span>N\u00ebse rezolucioni \u00ebsht\u00eb ndryshuar s\u00eb fundmi \u00ebsht\u00eb e mundur q\u00eb monitori t\u00eb mos rregullohet automatikisht ose t\u00eb zhvendoset n\u00eb madh\u00ebsin\u00eb e duhur.\u00a0<\/span><span>N\u00ebse kjo ndodh, rezolucioni mund t\u00eb ndryshohet p\u00ebrs\u00ebri n\u00eb cil\u00ebsimin origjinal ose mund t\u00eb rregulloni manualisht monitorin.\u00a0<\/span><span>N\u00ebse ekziston nj\u00eb kufi i zi n\u00eb monitor, ai zakonisht mund t\u00eb zgjidhet duke rregulluar manualisht gjer\u00ebsin\u00eb horizontale ose vertikale.\u00a0<\/span><span>Meqen\u00ebse secili monitor \u00ebsht\u00eb i ndrysh\u00ebm, metoda e rregullimit t\u00eb k\u00ebtij cil\u00ebsimi do t\u00eb ndryshoj\u00eb;\u00a0<\/span><span>k\u00ebshillohuni me dokumentacionin e monitorit tuaj.<\/span>                        <\/p>\n                    <\/div> \n                <\/div>\n            <\/div>\n                        <div class=\"row\">\n                    <div class=\"col-md-12 faq-content padding0 wow fadeInLeft\">\n                    <h6 class=\"faq-title\">A ja vlejn\u00eb antiviruset falas?<\/h6>\n                    <div class=\"faq-description\">\n                        <p>S\u00eb pari dhe m\u00eb e r\u00ebnd\u00ebsishmja, ju kurr\u00eb nuk duhet ta keni kompjuterin tuaj pa antivirus. Nj\u00eb antivirus falas ka shkall\u00eb shum\u00eb t\u00eb ul\u00ebt zbulimi. Na telefononi dhe ne me kenaq\u00ebsi do t\u2019ju informojm\u00eb p\u00ebr programet m\u00eb t\u00eb fundit t\u00eb siguris\u00eb, t\u00eb cilat ju rekomandojm\u00eb dhe ju shesim t\u00eb gjith\u00eb klient\u00ebve tan\u00eb p\u00ebr mbrojten ndaj Spyware, Malware dhe viruseve t\u00eb tjera.\r\n\r\n&nbsp;                        <\/p>\n                    <\/div> \n                <\/div>\n            <\/div>\n                        <div class=\"row\">\n                    <div class=\"col-md-12 faq-content padding0 wow fadeInLeft\">\n                    <h6 class=\"faq-title\">\u00c7far\u00eb duhet t\u00eb b\u00ebj p\u00ebrpara se t\u00eb k\u00ebrkoj ndihm\u00eb?<\/h6>\n                    <div class=\"faq-description\">\n                        <p><p style=\"text-align: left;\">N\u00ebse \u00ebsht\u00eb e mundur, shkruani \u00e7do informacion n\u00eb lidhje me problemin\u00a0 dhe mund ti b\u00ebni nje screen-shot problemit t\u00eb shfaqur. Tjetra, p\u00ebrpiquni t\u00eb rishikoni problemin. Shpesh her\u00eb, n\u00eb zgjidhjen e problemit ndihmon mbyllja e programit dhe ristartimi i kompjuterit p\u00ebr t\u00eb rifreskuar sistemin, dhe ndoshta zgjidhjen e problemit.<\/p>                        <\/p>\n                    <\/div> \n                <\/div>\n            <\/div>\n                        <div class=\"row\">\n                    <div class=\"col-md-12 faq-content padding0 wow fadeInLeft\">\n                    <h6 class=\"faq-title\">Kompjuteri im nuk ndizet, \u00e7far\u00eb t\u00eb b\u00ebj tani?<\/h6>\n                    <div class=\"faq-description\">\n                        <p><span>S\u00eb pari kontrolloni kabllon e rrym\u00ebs s\u00eb kompjuterit p\u00ebr t'u siguruar q\u00eb \u00ebsht\u00eb plot\u00ebsisht i lidhur n\u00eb priz\u00ebn e murit.\u00a0<\/span><span>N\u00ebse jeni duke p\u00ebrdorur nj\u00eb shirit prize, sigurohuni q\u00eb ajo t\u00eb jet\u00eb plot\u00ebsisht e lidhur n\u00eb priz\u00ebn e murit dhe q\u00eb \u00e7el\u00ebsi i rrym\u00ebs n\u00eb shiritin e priz\u00ebs t\u00eb jet\u00eb ndezur.\u00a0<\/span><span>Disa shirita prizash gjithashtu kan\u00eb nj\u00eb nd\u00ebrprer\u00ebs t\u00eb integruar q\u00eb zakonisht duket si nj\u00eb buton i zi ose i kuq pran\u00eb \u00e7el\u00ebsit t\u00eb rrym\u00ebs.\u00a0<\/span><span>Shtypni butonin p\u00ebr ta rivendosur dhe shikoni n\u00ebse kjo e zgjidh problemin.<\/span>                        <\/p>\n                    <\/div> \n                <\/div>\n            <\/div>\n                        <div class=\"row\">\n                    <div class=\"col-md-12 faq-content padding0 wow fadeInLeft\">\n                    <h6 class=\"faq-title\">\u00c7far\u00eb t\u00eb b\u00ebj n\u00ebse  hard disk i kopjuterit nuk funksionon?<\/h6>\n                    <div class=\"faq-description\">\n                        <p>Ashtu si me shumic\u00ebn e gabimeve n\u00eb kompjuter, hapi juaj i par\u00eb \u00ebsht\u00eb mbyllja e kompjuterit tuaj dhe rindezja e tij.\u00a0Kjo do t'ju ndihmoj\u00eb t\u00eb p\u00ebrcaktoni n\u00ebse n\u00eb t\u00eb v\u00ebrtet\u00eb keni apo jo nj\u00eb problem n\u00eb disk.\u00a0N\u00ebse disku \u00ebsht\u00eb d\u00ebmtuar r\u00ebnd\u00eb, kompjuteri juaj ndoshta do t\u00eb d\u00ebshtoj\u00eb t\u00eb rindizet si\u00e7 duhet.\u00a0N\u00ebse \u00ebsht\u00eb ky rast, at\u00ebher\u00eb kontaktoni Plus TECH, kjo \u00ebsht\u00eb nj\u00eb pun\u00eb p\u00ebr profesionist\u00ebt.                        <\/p>\n                    <\/div> \n                <\/div>\n            <\/div>\n                        <div class=\"row\">\n                    <div class=\"col-md-12 faq-content padding0 wow fadeInLeft\">\n                    <h6 class=\"faq-title\">\u00c7far\u00eb t\u00eb b\u00ebj n\u00ebse imazhi n\u00eb monitorin tim \u00ebsht\u00eb i shtremb\u00ebruar ose i shtremb\u00ebruar?<\/h6>\n                    <div class=\"faq-description\">\n                        <p><span>Mund t\u00eb merrni nj\u00eb imazh t\u00eb shtremb\u00ebruar kur kablli \u00ebsht\u00eb i lirsh\u00ebm ose i d\u00ebmtuar.\u00a0<\/span><span>Shk\u00ebputni kabllon video q\u00eb shkon nga pjesa e pasme e kompjuterit dhe verifikoni q\u00eb nuk ka kunja t\u00eb p\u00ebrkulura, t\u00eb djegura ose t\u00eb prishura.\u00a0<\/span><span>Pasi t\u00eb verifikohet, rilidhni kabllon e monitorit.\u00a0<\/span><span>N\u00ebse shpejt\u00ebsia e rifreskimit nuk \u00ebsht\u00eb vendosur si\u00e7 duhet, monitori mund t\u00eb ket\u00eb nj\u00eb dallg\u00ebzim ose nj\u00eb pamje q\u00eb linjat po ulen ose p\u00ebrtej monitorit ngadal\u00eb ose shpejt, kjo gjithashtu mund t\u00eb shkaktoj\u00eb nj\u00eb ndikim t\u00eb dridhur.\u00a0<\/span><span>Nj\u00eb imazh i shtremb\u00ebruar mund t\u00eb shkaktohet nga nd\u00ebrhyrje magnetike ose lloje t\u00eb tjera.\u00a0<\/span><span>Verifikoni se asnj\u00eb altoparlant, tifoz ose pajisje t\u00eb tjera magnetike nuk jan\u00eb af\u00ebr monitorit.<\/span>                        <\/p>\n                    <\/div> \n                <\/div>\n            <\/div>\n            <\/div>\n        <script>\n            $(function(){\n                $('.faq-description').hide();\n                $('.faq-title').on('click', function(){\n                    $('.faq-description.active').slideToggle(500).removeClass('active');\n                    $(this).next().slideToggle(500).toggleClass('active');\n                    \n                });\n            });\n        <\/script>\n        \n","protected":false},"excerpt":{"rendered":"","protected":false},"author":3,"featured_media":0,"parent":26,"menu_order":0,"comment_status":"closed","ping_status":"closed","template":"","meta":{"footnotes":""},"class_list":["post-147","page","type-page","status-publish","hentry"],"_links":{"self":[{"href":"https:\/\/plustech.al\/index.php?rest_route=\/wp\/v2\/pages\/147","targetHints":{"allow":["GET"]}}],"collection":[{"href":"https:\/\/plustech.al\/index.php?rest_route=\/wp\/v2\/pages"}],"about":[{"href":"https:\/\/plustech.al\/index.php?rest_route=\/wp\/v2\/types\/page"}],"author":[{"embeddable":true,"href":"https:\/\/plustech.al\/index.php?rest_route=\/wp\/v2\/users\/3"}],"replies":[{"embeddable":true,"href":"https:\/\/plustech.al\/index.php?rest_route=%2Fwp%2Fv2%2Fcomments&post=147"}],"version-history":[{"count":0,"href":"https:\/\/plustech.al\/index.php?rest_route=\/wp\/v2\/pages\/147\/revisions"}],"up":[{"embeddable":true,"href":"https:\/\/plustech.al\/index.php?rest_route=\/wp\/v2\/pages\/26"}],"wp:attachment":[{"href":"https:\/\/plustech.al\/index.php?rest_route=%2Fwp%2Fv2%2Fmedia&parent=147"}],"curies":[{"name":"wp","href":"https:\/\/api.w.org\/{rel}","templated":true}]}}