{"id":26,"date":"2019-04-09T09:18:48","date_gmt":"2019-04-09T09:18:48","guid":{"rendered":"http:\/\/luzuk.com\/demo\/computer-repair\/?page_id=26"},"modified":"2023-04-19T15:20:42","modified_gmt":"2023-04-19T14:20:42","slug":"shortcode","status":"publish","type":"page","link":"https:\/\/plustech.al\/?page_id=26","title":{"rendered":"Rreth Nesh"},"content":{"rendered":"\n<p>Ne filluam nj\u00eb biznes duke siguruar sh\u00ebrbime t\u00eb plota kompjuterike ON-SIT p\u00ebr p\u00ebrdoruesit e PC n\u00eb sht\u00ebpi dhe biznes, bazuar n\u00eb p\u00ebrvoj\u00ebn  shum\u00eb vje\u00e7are n\u00eb sh\u00ebrbimin dhe riparimet e PC-ve Laptop &amp; Desktop, mb\u00ebshtetjen teknike dhe mir\u00ebmbajtjen. Ne ofrojm\u00eb \u00e7mime t\u00eb ul\u00ebta dhe sh\u00ebrbime t\u00eb shk\u00eblqyera n\u00eb distanc\u00eb p\u00ebrmes internetit p\u00ebr t\u00eb zgjidhur \u00e7\u00ebshtjet tuaja.<\/p>\n\n\n\n<p><\/p>\n\n\n\n<p class=\"has-text-align-left\">Plus TECH&nbsp; u krijua si rirezultat i k\u00ebrkese s\u00eb bizneseve t\u00eb vogla p\u00ebr t\u2019ju ardhur n\u00eb ndihm\u00eb atyre dhe ti p\u00ebrshtatemi sipas&nbsp; k\u00ebrkesave unike p\u00ebr sh\u00ebrbimet q\u00eb ata kan\u00eb nevoj n\u00eb fush\u00ebn e IT-s\u00eb. Ne&nbsp;krijojm\u00eb nj\u00eb plan sh\u00ebrbimi&nbsp; &nbsp;sipas nevojes se kapaciteteve p\u00ebr secilin klient p\u00ebr t\u2019i ndihmuar ata t\u00eb marrin m\u00eb t\u00eb mir\u00ebn n\u00eb pun\u00ebt e tyre.<\/p>\n\n\n\n<p><\/p>\n","protected":false},"excerpt":{"rendered":"<p>Ne filluam nj\u00eb biznes duke siguruar sh\u00ebrbime t\u00eb plota kompjuterike ON-SIT p\u00ebr p\u00ebrdoruesit e PC n\u00eb sht\u00ebpi dhe biznes, bazuar n\u00eb p\u00ebrvoj\u00ebn shum\u00eb vje\u00e7are n\u00eb sh\u00ebrbimin dhe riparimet e PC-ve Laptop &amp; Desktop, mb\u00ebshtetjen teknike dhe mir\u00ebmbajtjen. Ne ofrojm\u00eb \u00e7mime t\u00eb ul\u00ebta dhe sh\u00ebrbime t\u00eb shk\u00eblqyera n\u00eb distanc\u00eb p\u00ebrmes internetit p\u00ebr t\u00eb zgjidhur \u00e7\u00ebshtjet tuaja. [&hellip;]<\/p>\n","protected":false},"author":3,"featured_media":0,"parent":0,"menu_order":0,"comment_status":"closed","ping_status":"closed","template":"","meta":{"footnotes":""},"class_list":["post-26","page","type-page","status-publish","hentry"],"_links":{"self":[{"href":"https:\/\/plustech.al\/index.php?rest_route=\/wp\/v2\/pages\/26","targetHints":{"allow":["GET"]}}],"collection":[{"href":"https:\/\/plustech.al\/index.php?rest_route=\/wp\/v2\/pages"}],"about":[{"href":"https:\/\/plustech.al\/index.php?rest_route=\/wp\/v2\/types\/page"}],"author":[{"embeddable":true,"href":"https:\/\/plustech.al\/index.php?rest_route=\/wp\/v2\/users\/3"}],"replies":[{"embeddable":true,"href":"https:\/\/plustech.al\/index.php?rest_route=%2Fwp%2Fv2%2Fcomments&post=26"}],"version-history":[{"count":0,"href":"https:\/\/plustech.al\/index.php?rest_route=\/wp\/v2\/pages\/26\/revisions"}],"wp:attachment":[{"href":"https:\/\/plustech.al\/index.php?rest_route=%2Fwp%2Fv2%2Fmedia&parent=26"}],"curies":[{"name":"wp","href":"https:\/\/api.w.org\/{rel}","templated":true}]}}