{"id":40,"date":"2019-04-09T09:28:38","date_gmt":"2019-04-09T09:28:38","guid":{"rendered":"http:\/\/luzuk.com\/demo\/computer-repair\/?page_id=40"},"modified":"2020-08-05T12:19:12","modified_gmt":"2020-08-05T12:19:12","slug":"testimonials","status":"publish","type":"page","link":"https:\/\/plustech.al\/?page_id=40","title":{"rendered":"Klient\u00ebt tan\u00eb"},"content":{"rendered":"\n                <div class=\"clearfix paddingBot20\"><\/div>\n            <\/div>\n            <div class=\"row\">\n                            <div class=\"\">\n                <div class=\"ht-test-member wow fadeInRight\">\n                    <div class=\"test-contentbox\">\n                        <div class=\"test-content\">\n                            Ne kemi p\u00ebrdorur Plus TECH p\u00ebr disa vite tani. Ne kemi kaluar n\u00ebp\u00ebr kompani t\u00eb tjera t\u00eb shumta para se t&#8217;i gjenim ato dhe kemi qen\u00eb jasht\u00ebzakonisht t\u00eb k\u00ebnaqur me sh\u00ebrbimin e tyre. Ne jemi nj\u00eb biznes i vog\u00ebl me rreth 30 punonj\u00ebs dhe zgjidhjet e tyre dhe sh\u00ebrbimi ndaj klientit kan\u00eb qen\u00eb t\u00eb shk\u00eblqyera.                        <\/div> \n                        <div class=\"clearfix\"><\/div>\n                        <div class=\"text-designation\">LUXMODA                        <\/div> \n                        <h6 class=\"member-name\">Sara<\/h6>\n                       \n                    <\/div>\n                     <div class=\"ht-test-member-image\">\n                          <img decoding=\"async\" src=\"https:\/\/plustech.al\/wp-content\/uploads\/2019\/04\/Test-3.jpeg\" class=\"img-responsive\" alt=\"Sara\" \/>\n                    <\/div>\n                    <div class=\"clearfix\"><\/div>\n                <\/div>\n            <\/div>\n                    <div class=\"\">\n                <div class=\"ht-test-member wow fadeInRight\">\n                    <div class=\"test-contentbox\">\n                        <div class=\"test-content\">\n                            Plus TECH z\u00ebvend\u00ebsoi t\u00eb gjith\u00eb sistemin ton\u00eb gjat\u00eb nj\u00eb fundjave dhe na ngriti n\u00eb k\u00ebmb\u00eb deri t\u00eb h\u00ebn\u00ebn n\u00eb m\u00ebngjes. Ata jan\u00eb kompania m\u00eb e shpejt\u00eb dhe me tekniket m\u00eb t\u00eb mire ta b\u00ebjn\u00eb\u00a0 teknologjin\u00eb me t\u00eb leht\u00eb. Un\u00eb do t&#8217;i rekomandoja shum\u00eb p\u00ebr \u00e7do kompani tjet\u00ebr q\u00eb ka \u00e7\u00ebshtje t\u00eb teknologjis\u00eb ose q\u00eb kan\u00eb [&hellip;]                        <\/div> \n                        <div class=\"clearfix\"><\/div>\n                        <div class=\"text-designation\">RESPAWN                        <\/div> \n                        <h6 class=\"member-name\">Andi<\/h6>\n                       \n                    <\/div>\n                     <div class=\"ht-test-member-image\">\n                          <img decoding=\"async\" src=\"https:\/\/plustech.al\/wp-content\/uploads\/2019\/04\/Test-2.jpeg\" class=\"img-responsive\" alt=\"Andi\" \/>\n                    <\/div>\n                    <div class=\"clearfix\"><\/div>\n                <\/div>\n            <\/div>\n                    <div class=\"\">\n                <div class=\"ht-test-member wow fadeInRight\">\n                    <div class=\"test-contentbox\">\n                        <div class=\"test-content\">\n                            Kisha te demtuar laptopin problem me HDD me rikthyen te dhenat e mia dhe gjithe pune qe kisha ruajtur ne laptopin tim. Faleminderit Plus TECH                        <\/div> \n                        <div class=\"clearfix\"><\/div>\n                        <div class=\"text-designation\">Doktori                        <\/div> \n                        <h6 class=\"member-name\">Andrea<\/h6>\n                       \n                    <\/div>\n                     <div class=\"ht-test-member-image\">\n                          <img decoding=\"async\" src=\"https:\/\/plustech.al\/wp-content\/uploads\/2019\/04\/46561download.jpg\" class=\"img-responsive\" alt=\"Andrea\" \/>\n                    <\/div>\n                    <div class=\"clearfix\"><\/div>\n                <\/div>\n            <\/div>\n                        <div class=\"clearfix paddingBot20\"><\/div>\n            <\/div>\n            <div class=\"row\">\n                            <div class=\"\">\n                <div class=\"ht-test-member wow fadeInRight\">\n                    <div class=\"test-contentbox\">\n                        <div class=\"test-content\">\n                            Profesionist te vertet kisha thyer ekranin e laptopit tim, ma zvendesuan brenda dites dhe me \u00e7mim shume te mire ma sollen laptopin ne adresen time. Faleminderit \ud83d\ude42                        <\/div> \n                        <div class=\"clearfix\"><\/div>\n                        <div class=\"text-designation\">Ekonomiste                        <\/div> \n                        <h6 class=\"member-name\">Adela<\/h6>\n                       \n                    <\/div>\n                     <div class=\"ht-test-member-image\">\n                          <img decoding=\"async\" src=\"https:\/\/plustech.al\/wp-content\/uploads\/2023\/04\/computer-networking.jpg\" class=\"img-responsive\" alt=\"Adela\" \/>\n                    <\/div>\n                    <div class=\"clearfix\"><\/div>\n                <\/div>\n            <\/div>\n                    <div class=\"\">\n                <div class=\"ht-test-member wow fadeInRight\">\n                    <div class=\"test-contentbox\">\n                        <div class=\"test-content\">\n                            Me instaluan printeri tim te shtepis me\u00a0TeamViewer Remote shume shpejte dhe falas. Faleminderit.                        <\/div> \n                        <div class=\"clearfix\"><\/div>\n                        <div class=\"text-designation\">Gazetare                        <\/div> \n                        <h6 class=\"member-name\">Albana<\/h6>\n                       \n                    <\/div>\n                     <div class=\"ht-test-member-image\">\n                          <img decoding=\"async\" src=\"https:\/\/plustech.al\/wp-content\/uploads\/2023\/04\/Sasha.jpg\" class=\"img-responsive\" alt=\"Albana\" \/>\n                    <\/div>\n                    <div class=\"clearfix\"><\/div>\n                <\/div>\n            <\/div>\n                    <div class=\"\">\n                <div class=\"ht-test-member wow fadeInRight\">\n                    <div class=\"test-contentbox\">\n                        <div class=\"test-content\">\n                            Keta djem jane te mrekullueshem me instalun ne zyren time\u00a0 programin Autocad dhe Ploterin A0. Faleminderit \ud83d\ude42                        <\/div> \n                        <div class=\"clearfix\"><\/div>\n                        <div class=\"text-designation\">Arkitekte                        <\/div> \n                        <h6 class=\"member-name\">Bruna<\/h6>\n                       \n                    <\/div>\n                     <div class=\"ht-test-member-image\">\n                          <img decoding=\"async\" src=\"https:\/\/plustech.al\/wp-content\/uploads\/2019\/04\/31093pexels-photo-1130626.jpeg\" class=\"img-responsive\" alt=\"Bruna\" \/>\n                    <\/div>\n                    <div class=\"clearfix\"><\/div>\n                <\/div>\n            <\/div>\n        \n","protected":false},"excerpt":{"rendered":"","protected":false},"author":3,"featured_media":0,"parent":26,"menu_order":0,"comment_status":"closed","ping_status":"closed","template":"","meta":{"footnotes":""},"class_list":["post-40","page","type-page","status-publish","hentry"],"_links":{"self":[{"href":"https:\/\/plustech.al\/index.php?rest_route=\/wp\/v2\/pages\/40","targetHints":{"allow":["GET"]}}],"collection":[{"href":"https:\/\/plustech.al\/index.php?rest_route=\/wp\/v2\/pages"}],"about":[{"href":"https:\/\/plustech.al\/index.php?rest_route=\/wp\/v2\/types\/page"}],"author":[{"embeddable":true,"href":"https:\/\/plustech.al\/index.php?rest_route=\/wp\/v2\/users\/3"}],"replies":[{"embeddable":true,"href":"https:\/\/plustech.al\/index.php?rest_route=%2Fwp%2Fv2%2Fcomments&post=40"}],"version-history":[{"count":0,"href":"https:\/\/plustech.al\/index.php?rest_route=\/wp\/v2\/pages\/40\/revisions"}],"up":[{"embeddable":true,"href":"https:\/\/plustech.al\/index.php?rest_route=\/wp\/v2\/pages\/26"}],"wp:attachment":[{"href":"https:\/\/plustech.al\/index.php?rest_route=%2Fwp%2Fv2%2Fmedia&parent=40"}],"curies":[{"name":"wp","href":"https:\/\/api.w.org\/{rel}","templated":true}]}}