{"id":59,"date":"2019-04-09T09:43:43","date_gmt":"2019-04-09T09:43:43","guid":{"rendered":"http:\/\/luzuk.com\/demo\/computer-repair\/?page_id=59"},"modified":"2021-11-18T16:00:40","modified_gmt":"2021-11-18T15:00:40","slug":"services","status":"publish","type":"page","link":"https:\/\/plustech.al\/?page_id=59","title":{"rendered":"Sh\u00ebrbimet"},"content":{"rendered":"\n \n            <div class=\"row\">\n            <div class=\"col-md-4 col-sm-6 col-xs-12 fpost\">\n                        \n                <div class=\"featured-post-box wow fadeInLeft\">\n                   \n                    <div class=\"featured-post\">\n                        <a class=\"secondry-bg\" href=\"https:\/\/plustech.al\/?feature=sales-service\">\n                             <div class=\"featured-icon\">\n                                <span class=\"\"><\/span>\n                            <\/div>\n                        <\/a>\n\n                        <div class=\"featuredcontent-data\">\n                              <a class=\"secondry-bg\" href=\"https:\/\/plustech.al\/?feature=sales-service\">\n                                <div class=\"featured-img\">\n                                                      \n                                    <img decoding=\"async\" class=\"secondry-bg img-responsive\" src=\"https:\/\/plustech.al\/wp-content\/uploads\/2023\/04\/6.png\" alt=\"SIGURI DHE MBROJTJE NGA VIRUSET\" \/>\n                                <\/div>\n                                <\/a>\n                        <div class=\"featured-data\">\n                           <h5 class=\"text\">SIGURI DHE MBROJTJE NGA VIRUSET<\/h5> \n                            <div class=\"clearfix\"><\/div> \n                            <p>\n                                Heqja dhe parandalimi i malware, virusit dhe ransomware Mbron Laptop, Desktop dhe Server nga cdo malware. Shton siguri ekstra per transfertat bankare online dhe pagesat online. \u00a0 Mbron pajisjet sistemin windows permes teknologjise se fundit. Ndalon kalimin e informacioneve te kompanise tek personat te pa autorizuar. \u00a0 \u00a0 Mbron bizneset nga sulmet phishing dhe risqet [&hellip;]                            <\/p>\n                        <\/div>\n                    <\/div>\n                <\/div> \n                           \n                <div class=\"clearfix\"><\/div>          \n            <\/div>\n            <script>\n  jQuery.noConflict();\n  $(function(){\n    function featuredpostboxHeight(){\n      var ht = 0;\n      $('#innerpage-box .featured-post-box').each(function(i){\n        var tHt = $(this).height();\n        if(ht<tHt){\n          ht=tHt;\n        }\n      });\n      $('#innerpage-box .featured-post-box').height(ht+'px');\n    }\n    featuredpostboxHeight();\n  });\n  $( window ).resize(function(){\n    featuredpostboxHeight();\n  });\n<\/script>\n        <\/div>\n         \n            <div class=\"row\">\n            <div class=\"col-md-4 col-sm-6 col-xs-12 fpost\">\n                        \n                <div class=\"featured-post-box wow fadeInLeft\">\n                   \n                    <div class=\"featured-post\">\n                        <a class=\"secondry-bg\" href=\"https:\/\/plustech.al\/?feature=motherboard-repairing\">\n                             <div class=\"featured-icon\">\n                                <span class=\"\"><\/span>\n                            <\/div>\n                        <\/a>\n\n                        <div class=\"featuredcontent-data\">\n                              <a class=\"secondry-bg\" href=\"https:\/\/plustech.al\/?feature=motherboard-repairing\">\n                                <div class=\"featured-img\">\n                                                      \n                                    <img decoding=\"async\" class=\"secondry-bg img-responsive\" src=\"https:\/\/plustech.al\/wp-content\/uploads\/2023\/04\/7.png\" alt=\"RIPARIM SISTEMI WINDOWS\" \/>\n                                <\/div>\n                                <\/a>\n                        <div class=\"featured-data\">\n                           <h5 class=\"text\">RIPARIM SISTEMI WINDOWS<\/h5> \n                            <div class=\"clearfix\"><\/div> \n                            <p>\n                                Instalimi dhe zgjidhja e problemeve t\u00eb sistemit operativ P\u00ebrdit\u00ebsimet, instalimet dhe mb\u00ebshtetjet e serverit Instalimi, zgjidhja e problemeve dhe azhurnimet e pajisjeve dhe programeve kompjuterik\u00eb Konfigurimi, azhurnimi dhe riparimi i stacionit t\u00eb pun\u00ebs Konfigurimi dhe zgjidhja e problemeve me email &nbsp; Gadishmeria jone: -Nj\u00eb\u00a0 IT n\u00eb dispozicionin tuaj \u2013 mb\u00ebshtetje me p\u00ebrvoj\u00eb sa her\u00eb q\u00eb [&hellip;]                            <\/p>\n                        <\/div>\n                    <\/div>\n                <\/div> \n                           \n                <div class=\"clearfix\"><\/div>          \n            <\/div>\n            <script>\n  jQuery.noConflict();\n  $(function(){\n    function featuredpostboxHeight(){\n      var ht = 0;\n      $('#innerpage-box .featured-post-box').each(function(i){\n        var tHt = $(this).height();\n        if(ht<tHt){\n          ht=tHt;\n        }\n      });\n      $('#innerpage-box .featured-post-box').height(ht+'px');\n    }\n    featuredpostboxHeight();\n  });\n  $( window ).resize(function(){\n    featuredpostboxHeight();\n  });\n<\/script>\n        <\/div>\n         \n            <div class=\"row\">\n            <div class=\"col-md-4 col-sm-6 col-xs-12 fpost\">\n                        \n                <div class=\"featured-post-box wow fadeInLeft\">\n                   \n                    <div class=\"featured-post\">\n                        <a class=\"secondry-bg\" href=\"https:\/\/plustech.al\/?feature=spares-components\">\n                             <div class=\"featured-icon\">\n                                <span class=\"\"><\/span>\n                            <\/div>\n                        <\/a>\n\n                        <div class=\"featuredcontent-data\">\n                              <a class=\"secondry-bg\" href=\"https:\/\/plustech.al\/?feature=spares-components\">\n                                <div class=\"featured-img\">\n                                                      \n                                    <img decoding=\"async\" class=\"secondry-bg img-responsive\" src=\"https:\/\/plustech.al\/wp-content\/uploads\/2023\/04\/4-1.png\" alt=\"PAJISJE KOMPJUTERIKE\" \/>\n                                <\/div>\n                                <\/a>\n                        <div class=\"featured-data\">\n                           <h5 class=\"text\">PAJISJE KOMPJUTERIKE<\/h5> \n                            <div class=\"clearfix\"><\/div> \n                            <p>\n                                Mb\u00ebshtetje gjith\u00ebp\u00ebrfshir\u00ebse e IT \u00c7far\u00eb do t\u00eb thot\u00eb mb\u00ebshtetje gjith\u00ebp\u00ebrfshir\u00ebse e IT-s\u00eb? N\u00eb bot\u00ebn e sotme q\u00eb p\u00ebrparon teknologjikisht, shumica e bizneseve mb\u00ebshteten n\u00eb sh\u00ebrbimet e mb\u00ebshtetjes s\u00eb IT p\u00ebr t\u00eb vepruar.\u00a0Sidoqoft\u00eb, mb\u00ebshtetja p\u00ebr IT \u00ebsht\u00eb vet\u00ebm nj\u00eb term ombrell\u00eb q\u00eb p\u00ebrfshin nj\u00eb gam\u00eb t\u00eb gjer\u00eb sh\u00ebrbimesh.\u00a0Jo t\u00eb gjitha bizneset i k\u00ebrkojn\u00eb t\u00eb gjitha k\u00ebto [&hellip;]                            <\/p>\n                        <\/div>\n                    <\/div>\n                <\/div> \n                           \n                <div class=\"clearfix\"><\/div>          \n            <\/div>\n            <script>\n  jQuery.noConflict();\n  $(function(){\n    function featuredpostboxHeight(){\n      var ht = 0;\n      $('#innerpage-box .featured-post-box').each(function(i){\n        var tHt = $(this).height();\n        if(ht<tHt){\n          ht=tHt;\n        }\n      });\n      $('#innerpage-box .featured-post-box').height(ht+'px');\n    }\n    featuredpostboxHeight();\n  });\n  $( window ).resize(function(){\n    featuredpostboxHeight();\n  });\n<\/script>\n        <\/div>\n         \n            <div class=\"row\">\n            <div class=\"col-md-4 col-sm-6 col-xs-12 fpost\">\n                        \n                <div class=\"featured-post-box wow fadeInLeft\">\n                   \n                    <div class=\"featured-post\">\n                        <a class=\"secondry-bg\" href=\"https:\/\/plustech.al\/?feature=annual-maintenance\">\n                             <div class=\"featured-icon\">\n                                <span class=\"\"><\/span>\n                            <\/div>\n                        <\/a>\n\n                        <div class=\"featuredcontent-data\">\n                              <a class=\"secondry-bg\" href=\"https:\/\/plustech.al\/?feature=annual-maintenance\">\n                                <div class=\"featured-img\">\n                                                      \n                                    <img decoding=\"async\" class=\"secondry-bg img-responsive\" src=\"https:\/\/plustech.al\/wp-content\/uploads\/2023\/04\/3-1.png\" alt=\"MIR\u00cbMBAJTJE P\u00cbR BIZNESET\" \/>\n                                <\/div>\n                                <\/a>\n                        <div class=\"featured-data\">\n                           <h5 class=\"text\">MIR\u00cbMBAJTJE P\u00cbR BIZNESET<\/h5> \n                            <div class=\"clearfix\"><\/div> \n                            <p>\n                                Sh\u00ebrbime mb\u00ebshtet\u00ebse t\u00eb IT-s\u00eb Heqja dhe parandalimi i malware dhe virusit. P\u00ebrdit\u00ebsimet, instalimet dhe mb\u00ebshtetjet e serverit. Zgjidhja e problemeve t\u00eb rrjetit, azhurnimet, mir\u00ebmbajtja. Instalimi dhe zgjidhja e problemeve t\u00eb sistemit operativ. Konfigurimi, azhurnimi dhe riparimi i stacionit t\u00eb pun\u00ebs. Instalimi, zgjidhja e problemeve dhe azhurnimet e pajisjeve dhe programeve kompjuterik\u00eb. Konfigurimi dhe zgjidhja e [&hellip;]                            <\/p>\n                        <\/div>\n                    <\/div>\n                <\/div> \n                           \n                <div class=\"clearfix\"><\/div>          \n            <\/div>\n            <script>\n  jQuery.noConflict();\n  $(function(){\n    function featuredpostboxHeight(){\n      var ht = 0;\n      $('#innerpage-box .featured-post-box').each(function(i){\n        var tHt = $(this).height();\n        if(ht<tHt){\n          ht=tHt;\n        }\n      });\n      $('#innerpage-box .featured-post-box').height(ht+'px');\n    }\n    featuredpostboxHeight();\n  });\n  $( window ).resize(function(){\n    featuredpostboxHeight();\n  });\n<\/script>\n        <\/div>\n         \n            <div class=\"row\">\n            <div class=\"col-md-4 col-sm-6 col-xs-12 fpost\">\n                        \n                <div class=\"featured-post-box wow fadeInLeft\">\n                   \n                    <div class=\"featured-post\">\n                        <a class=\"secondry-bg\" href=\"https:\/\/plustech.al\/?feature=networking\">\n                             <div class=\"featured-icon\">\n                                <span class=\"\"><\/span>\n                            <\/div>\n                        <\/a>\n\n                        <div class=\"featuredcontent-data\">\n                              <a class=\"secondry-bg\" href=\"https:\/\/plustech.al\/?feature=networking\">\n                                <div class=\"featured-img\">\n                                                      \n                                    <img decoding=\"async\" class=\"secondry-bg img-responsive\" src=\"https:\/\/plustech.al\/wp-content\/uploads\/2023\/04\/10.png\" alt=\"KONFIGURIM RRJETI LAN &#038; Wi-Fi\" \/>\n                                <\/div>\n                                <\/a>\n                        <div class=\"featured-data\">\n                           <h5 class=\"text\">KONFIGURIM RRJETI LAN &#038; Wi-Fi<\/h5> \n                            <div class=\"clearfix\"><\/div> \n                            <p>\n                                Pse biznesi juaj ka nevoj\u00eb p\u00ebr sh\u00ebrbime n\u00eb rrjetin kompjuterik. Operimi i biznesit t\u00eb vog\u00ebl ka t\u00eb b\u00ebj\u00eb me krijimin e efikasitetit n\u00eb \u00e7do aspekt t\u00eb biznesit tuaj n\u00eb m\u00ebnyr\u00eb q\u00eb t\u00eb p\u00ebrmir\u00ebsoni kufijt\u00eb e fitimit tuaj, t\u00eb jeni konkurrues n\u00eb tregun tuaj dhe t\u00eb k\u00ebnaqni klient\u00ebt. Nj\u00eb rrjet kompjuterik \u00ebsht\u00eb nj\u00eb nga zgjidhjet m\u00eb [&hellip;]                            <\/p>\n                        <\/div>\n                    <\/div>\n                <\/div> \n                           \n                <div class=\"clearfix\"><\/div>          \n            <\/div>\n            <script>\n  jQuery.noConflict();\n  $(function(){\n    function featuredpostboxHeight(){\n      var ht = 0;\n      $('#innerpage-box .featured-post-box').each(function(i){\n        var tHt = $(this).height();\n        if(ht<tHt){\n          ht=tHt;\n        }\n      });\n      $('#innerpage-box .featured-post-box').height(ht+'px');\n    }\n    featuredpostboxHeight();\n  });\n  $( window ).resize(function(){\n    featuredpostboxHeight();\n  });\n<\/script>\n        <\/div>\n         \n            <div class=\"row\">\n            <div class=\"col-md-4 col-sm-6 col-xs-12 fpost\">\n                        \n                <div class=\"featured-post-box wow fadeInLeft\">\n                   \n                    <div class=\"featured-post\">\n                        <a class=\"secondry-bg\" href=\"https:\/\/plustech.al\/?feature=data-recovery\">\n                             <div class=\"featured-icon\">\n                                <span class=\"\"><\/span>\n                            <\/div>\n                        <\/a>\n\n                        <div class=\"featuredcontent-data\">\n                              <a class=\"secondry-bg\" href=\"https:\/\/plustech.al\/?feature=data-recovery\">\n                                <div class=\"featured-img\">\n                                                      \n                                    <img decoding=\"async\" class=\"secondry-bg img-responsive\" src=\"https:\/\/plustech.al\/wp-content\/uploads\/2023\/04\/9.png\" alt=\"RIKTHIM T\u00cb DH\u00cbNASH\" \/>\n                                <\/div>\n                                <\/a>\n                        <div class=\"featured-data\">\n                           <h5 class=\"text\">RIKTHIM T\u00cb DH\u00cbNASH<\/h5> \n                            <div class=\"clearfix\"><\/div> \n                            <p>\n                                Kompjuteri im \u00ebsht\u00eb restauruar n\u00eb fabrik\u00eb dhe tani skedar\u00ebt e mi personal\u00eb mungojn\u00eb!\u00a0A mund t&#8217;i kthej t\u00eb dh\u00ebnat e mia? P\u00ebrgjigje: Mund t\u00eb jet\u00eb akoma e mundur t\u00eb rikuperoni pjes\u00ebn m\u00eb t\u00eb madhe t\u00eb t\u00eb dh\u00ebnave tuaja, var\u00ebsisht nga sa koh\u00eb keni p\u00ebrdorur kompjuterin tuaj q\u00eb nga rivendosja.\u00a0Sa m\u00eb shum\u00eb t\u00eb p\u00ebrdorni kompjuterin tuaj, aq [&hellip;]                            <\/p>\n                        <\/div>\n                    <\/div>\n                <\/div> \n                           \n                <div class=\"clearfix\"><\/div>          \n            <\/div>\n            <script>\n  jQuery.noConflict();\n  $(function(){\n    function featuredpostboxHeight(){\n      var ht = 0;\n      $('#innerpage-box .featured-post-box').each(function(i){\n        var tHt = $(this).height();\n        if(ht<tHt){\n          ht=tHt;\n        }\n      });\n      $('#innerpage-box .featured-post-box').height(ht+'px');\n    }\n    featuredpostboxHeight();\n  });\n  $( window ).resize(function(){\n    featuredpostboxHeight();\n  });\n<\/script>\n        <\/div>\n         \n            <div class=\"row\">\n            <div class=\"col-md-4 col-sm-6 col-xs-12 fpost\">\n                        \n                <div class=\"featured-post-box wow fadeInLeft\">\n                   \n                    <div class=\"featured-post\">\n                        <a class=\"secondry-bg\" href=\"https:\/\/plustech.al\/?feature=computer-assembling\">\n                             <div class=\"featured-icon\">\n                                <span class=\"\"><\/span>\n                            <\/div>\n                        <\/a>\n\n                        <div class=\"featuredcontent-data\">\n                              <a class=\"secondry-bg\" href=\"https:\/\/plustech.al\/?feature=computer-assembling\">\n                                <div class=\"featured-img\">\n                                                      \n                                    <img decoding=\"async\" class=\"secondry-bg img-responsive\" src=\"https:\/\/plustech.al\/wp-content\/uploads\/2023\/04\/1-2.png\" alt=\"SISTEME ARKIVIMI TE DHENASH\" \/>\n                                <\/div>\n                                <\/a>\n                        <div class=\"featured-data\">\n                           <h5 class=\"text\">SISTEME ARKIVIMI TE DHENASH<\/h5> \n                            <div class=\"clearfix\"><\/div> \n                            <p>\n                                \u00c7far\u00eb eshte \u00a0T\u00eb dh\u00ebnat rezervohen vazhdimisht dhe ruhen n\u00eb shum\u00eb vende, me shkall\u00ebzim t\u00eb pakufizuar testim dhe monitorim i rregullt i rezervimeve p\u00ebr plot\u00ebsin\u00eb dhe sakt\u00ebsin\u00eb Nj\u00eb plan gjith\u00ebp\u00ebrfshir\u00ebs i vazhdim\u00ebsis\u00eb s\u00eb biznesit dhe rim\u00ebk\u00ebmbjes s\u00eb katastrofave p\u00ebr ta kthyer kompanin\u00eb tuaj n\u00eb pun\u00eb dhe funksionim n\u00eb or\u00eb &#8211; jo dit\u00eb &#8211; n\u00eb rast emergjence [&hellip;]                            <\/p>\n                        <\/div>\n                    <\/div>\n                <\/div> \n                           \n                <div class=\"clearfix\"><\/div>          \n            <\/div>\n            <script>\n  jQuery.noConflict();\n  $(function(){\n    function featuredpostboxHeight(){\n      var ht = 0;\n      $('#innerpage-box .featured-post-box').each(function(i){\n        var tHt = $(this).height();\n        if(ht<tHt){\n          ht=tHt;\n        }\n      });\n      $('#innerpage-box .featured-post-box').height(ht+'px');\n    }\n    featuredpostboxHeight();\n  });\n  $( window ).resize(function(){\n    featuredpostboxHeight();\n  });\n<\/script>\n        <\/div>\n         \n            <div class=\"row\">\n            <div class=\"col-md-4 col-sm-6 col-xs-12 fpost\">\n                        \n                <div class=\"featured-post-box wow fadeInLeft\">\n                   \n                    <div class=\"featured-post\">\n                        <a class=\"secondry-bg\" href=\"https:\/\/plustech.al\/?feature=desktop-repairing\">\n                             <div class=\"featured-icon\">\n                                <span class=\"\"><\/span>\n                            <\/div>\n                        <\/a>\n\n                        <div class=\"featuredcontent-data\">\n                              <a class=\"secondry-bg\" href=\"https:\/\/plustech.al\/?feature=desktop-repairing\">\n                                <div class=\"featured-img\">\n                                                      \n                                    <img decoding=\"async\" class=\"secondry-bg img-responsive\" src=\"https:\/\/plustech.al\/wp-content\/uploads\/2023\/04\/2-1.png\" alt=\"SISTEME SIGURIE (CCTV &#038; IP Camera)\" \/>\n                                <\/div>\n                                <\/a>\n                        <div class=\"featured-data\">\n                           <h5 class=\"text\">SISTEME SIGURIE (CCTV &#038; IP Camera)<\/h5> \n                            <div class=\"clearfix\"><\/div> \n                            <p>\n                                1-Pse duhet t\u00eb ket\u00eb nj\u00eb sistem v\u00ebzhgimi? Me instalimin e sistemit t\u00eb CCTV, mund t\u00eb monitoroni biznesin ose sht\u00ebpin\u00eb tuaj n\u00eb distanc\u00eb ose t\u00eb shikoni ngjarjet e regjistruara n\u00eb \u00e7do koh\u00eb, gj\u00eb q\u00eb ju b\u00ebn t\u00eb ndiheni mir\u00eb dhe t\u00eb kontrolloni gjith\u00e7ka q\u00eb ju rrethon. Mendoni p\u00ebr p\u00ebrfitimet e fituara n\u00ebse keni nj\u00eb sistem t\u00eb [&hellip;]                            <\/p>\n                        <\/div>\n                    <\/div>\n                <\/div> \n                           \n                <div class=\"clearfix\"><\/div>          \n            <\/div>\n            <script>\n  jQuery.noConflict();\n  $(function(){\n    function featuredpostboxHeight(){\n      var ht = 0;\n      $('#innerpage-box .featured-post-box').each(function(i){\n        var tHt = $(this).height();\n        if(ht<tHt){\n          ht=tHt;\n        }\n      });\n      $('#innerpage-box .featured-post-box').height(ht+'px');\n    }\n    featuredpostboxHeight();\n  });\n  $( window ).resize(function(){\n    featuredpostboxHeight();\n  });\n<\/script>\n        <\/div>\n        \n","protected":false},"excerpt":{"rendered":"","protected":false},"author":3,"featured_media":0,"parent":0,"menu_order":0,"comment_status":"closed","ping_status":"closed","template":"","meta":{"footnotes":""},"class_list":["post-59","page","type-page","status-publish","hentry"],"_links":{"self":[{"href":"https:\/\/plustech.al\/index.php?rest_route=\/wp\/v2\/pages\/59","targetHints":{"allow":["GET"]}}],"collection":[{"href":"https:\/\/plustech.al\/index.php?rest_route=\/wp\/v2\/pages"}],"about":[{"href":"https:\/\/plustech.al\/index.php?rest_route=\/wp\/v2\/types\/page"}],"author":[{"embeddable":true,"href":"https:\/\/plustech.al\/index.php?rest_route=\/wp\/v2\/users\/3"}],"replies":[{"embeddable":true,"href":"https:\/\/plustech.al\/index.php?rest_route=%2Fwp%2Fv2%2Fcomments&post=59"}],"version-history":[{"count":0,"href":"https:\/\/plustech.al\/index.php?rest_route=\/wp\/v2\/pages\/59\/revisions"}],"wp:attachment":[{"href":"https:\/\/plustech.al\/index.php?rest_route=%2Fwp%2Fv2%2Fmedia&parent=59"}],"curies":[{"name":"wp","href":"https:\/\/api.w.org\/{rel}","templated":true}]}}